{"id":5960,"date":"2025-06-18T16:55:22","date_gmt":"2025-06-18T21:55:22","guid":{"rendered":"http:\/\/lentoandar.com\/?post_type=product&#038;p=5960"},"modified":"2025-07-30T12:54:11","modified_gmt":"2025-07-30T17:54:11","slug":"honda-super-cub-90","status":"publish","type":"product","link":"https:\/\/lentoandar.com\/index.php\/producto\/honda-super-cub-90\/","title":{"rendered":"Honda C90 Usada en Venta Colombia- Modelo 1993 Econo Power"},"content":{"rendered":"[vc_row type=&#8221;in_container&#8221; full_screen_row_position=&#8221;middle&#8221; column_margin=&#8221;default&#8221; column_direction=&#8221;default&#8221; column_direction_tablet=&#8221;default&#8221; column_direction_phone=&#8221;default&#8221; scene_position=&#8221;center&#8221; text_color=&#8221;dark&#8221; text_align=&#8221;left&#8221; row_border_radius=&#8221;none&#8221; row_border_radius_applies=&#8221;bg&#8221; overflow=&#8221;visible&#8221; overlay_strength=&#8221;0.3&#8243; gradient_direction=&#8221;left_to_right&#8221; shape_divider_position=&#8221;bottom&#8221; bg_image_animation=&#8221;none&#8221;][vc_column column_padding=&#8221;no-extra-padding&#8221; column_padding_tablet=&#8221;inherit&#8221; column_padding_phone=&#8221;inherit&#8221; column_padding_position=&#8221;all&#8221; column_element_direction_desktop=&#8221;default&#8221; column_element_spacing=&#8221;default&#8221; desktop_text_alignment=&#8221;default&#8221; tablet_text_alignment=&#8221;default&#8221; phone_text_alignment=&#8221;default&#8221; background_color_opacity=&#8221;1&#8243; background_hover_color_opacity=&#8221;1&#8243; column_backdrop_filter=&#8221;none&#8221; column_shadow=&#8221;none&#8221; column_border_radius=&#8221;none&#8221; column_link_target=&#8221;_self&#8221; column_position=&#8221;default&#8221; gradient_direction=&#8221;left_to_right&#8221; overlay_strength=&#8221;0.3&#8243; width=&#8221;1\/1&#8243; tablet_width_inherit=&#8221;default&#8221; animation_type=&#8221;default&#8221; bg_image_animation=&#8221;none&#8221; border_type=&#8221;simple&#8221; column_border_width=&#8221;none&#8221; column_border_style=&#8221;solid&#8221;][vc_column_text][section label=&#8221;Dark section with box right&#8221; bg=&#8221;36790&#8243; bg_pos=&#8221;100% 73%&#8221; padding=&#8221;160px&#8221; height=&#8221;300px&#8221; border=&#8221;1px 0px 0px 0px&#8221; border_margin=&#8221;0px px 0px 0px&#8221; border_color=&#8221;rgb(235, 235, 235)&#8221;]\n[row style=&#8221;large&#8221; v_align=&#8221;middle&#8221; h_align=&#8221;center&#8221;]\n[col span=&#8221;3&#8243; span__sm=&#8221;12&#8243; align=&#8221;center&#8221; color=&#8221;light&#8221;]\n[\/col]\n[col span=&#8221;8&#8243; span__sm=&#8221;12&#8243; padding=&#8221;45px 45px 45px 45px&#8221; margin=&#8221;0px px 0px 0px&#8221; align=&#8221;left&#8221; bg_color=&#8221;rgb(255, 255, 255)&#8221; animate=&#8221;flipInY&#8221; depth=&#8221;2&#8243; depth_hover=&#8221;5&#8243;]\n<h2 class=\"uppercase\" style=\"font-size: 40px;\">Moto Honda C90<\/h2>\n<table>\n<tbody>\n<tr>\n<th><span style=\"font-size: 105%;\">NOMBRE\u00a0<\/span><\/th>\n<td>\n<p dir=\"auto\">Honda C90 Econo Power<\/p>\n<\/td>\n<\/tr>\n<tr>\n<th><span style=\"font-size: 105%;\">PA\u00cdS DE FABRICACI\u00d3N<\/span><\/th>\n<td><span style=\"font-weight: 400;\">Jap\u00f3n<\/span><\/td>\n<\/tr>\n<tr>\n<th><span style=\"font-size: 105%;\">TIPO DE MOTO<\/span><\/th>\n<td><span style=\"font-weight: 400;\">Moped\/semiautom\u00e1tica<\/span><\/td>\n<\/tr>\n<tr>\n<th><span style=\"font-size: 105%;\">MODELO<\/span><\/th>\n<td><i>XXX<\/i><\/td>\n<\/tr>\n<tr>\n<th><span style=\"font-size: 105%;\">MARCA<\/span><\/th>\n<td><span style=\"font-weight: 400;\">Honda<\/span><\/td>\n<\/tr>\n<tr>\n<th><span style=\"font-size: 105%;\">VELOCIDAD M\u00c1XIMA<\/span><\/th>\n<td>Agua<\/td>\n<\/tr>\n<tr>\n<th><span style=\"font-size: 105%;\">CONSUMO PROMEDIO<\/span><\/th>\n<td><span style=\"font-weight: 400;\">El Buch\u00f3n de Agua requiere <strong>iluminaci\u00f3n solar directa<\/strong> por lo menos durante 8 horas al d\u00eda. Es una planta ideal para adornar cuerpos de agua estancados o con poca corriente tales como lagos, embalses, piscinas naturales, fuentes, estanques decorativos, jardines acu\u00e1ticos y acuarios. <\/span><\/td>\n<\/tr>\n<tr>\n<th><span style=\"font-size: 105%;\">TIPO DE MOTOR<\/span><\/th>\n<td><span style=\"font-weight: 400;\">Esta especie puede crecer en <strong>aguas con temperaturas entre 15 y 32 grados cent\u00edgrados<\/strong>, aunque su \u00f3ptimo desarrollo se da entre los 25 y los 30 grados.\u00a0<\/span><\/td>\n<\/tr>\n<\/tbody>\n<\/table>\n[\/col]\n[\/row]\n[\/section]\n[section bg_color=&#8221;rgb(161, 171, 142)&#8221; dark=&#8221;true&#8221; padding=&#8221;60px&#8221;]\n[ux_text text_color=&#8221;rgb(255,255,255)&#8221;]\n<h2 style=\"text-align: center;\">HISTORIA Y CURIOSIDADES DE LA PLANTA JACINTO DE AGUA<\/h2>\n<p><span style=\"font-weight: 400;\">El Buch\u00f3n de Agua es una planta nativa de la amazonia brasile\u00f1a cuyas poblaciones se distribuyen en todo el mundo en latitudes tropicales y subtropicales, donde ha sido introducida con fines ornamentales, pues es una planta muy bonita que produce una flor llamativa, adem\u00e1s no requiere de muchos cuidados para su desarrollo. Sin embargo, es considerada como una de las plantas m\u00e1s invasoras del mundo para los ambientes acu\u00e1ticos donde habita, debido a que sus poblaciones se reproducen muy r\u00e1pidamente dado que no tiene depredadores naturales que las controlen por fuera de su ambiente nativo, llegando a colonizar gran parte del espejo de agua e impidiendo que la luz penetre en el cuerpo de agua, lo que causa que los organismos fitoplanct\u00f3nicos mueran, dejando sin alimento y ox\u00edgeno a organismos como peces e insectos. A pesar de esto, son plantas que si se tiene la precauci\u00f3n adecuada, traen beneficios ecol\u00f3gicos como mantener niveles altos de ox\u00edgeno disuelto, filtrar el agua, absorber contaminantes, entre otros.\u00a0<\/span><\/p>\n<p><span style=\"font-weight: 400;\">El g\u00e9nero <\/span><i><span style=\"font-weight: 400;\">Eichhornia <\/span><\/i><span style=\"font-weight: 400;\">fue descrito en el a\u00f1o 1843 por el naturalista alem\u00e1n Carl Sigismund Kunth, quien bautiz\u00f3 as\u00ed esta especie en honor al pol\u00edtico de origen prusiano Johann Albrecht Friedrich Eichhorn. 40 a\u00f1os m\u00e1s tarde, en el a\u00f1o 1883, el naturalista alem\u00e1n Hermann zu Solms-Laubach describi\u00f3 la especie asign\u00e1ndole el nombre espec\u00edfico <\/span><i><span style=\"font-weight: 400;\">crassipes, <\/span><\/i><span style=\"font-weight: 400;\">palabra que proviene del lat\u00edn y que traduce \u201ccon pie grueso\u201d por la protuberante morfolog\u00eda de su estol\u00f3n.<\/span><br \/>\n[\/ux_text]\n[\/section]\n[section bg_color=&#8221;rgb(223, 221, 196)&#8221; dark=&#8221;true&#8221; padding=&#8221;60px&#8221;]\n[row h_align=&#8221;center&#8221;]\n[col span__sm=&#8221;12&#8243; align=&#8221;center&#8221;]\n[ux_text text_align=&#8221;left&#8221; text_color=&#8221;#444445&#8243;]\n<h2 style=\"text-align: center;\">OR\u00cdGENES DE LA PLANTA BUCH\u00d3N DE AGUA<\/h2>\n<p><i><span style=\"font-weight: 400;\">Eichhornia<\/span><\/i> <i><span style=\"font-weight: 400;\">crassipes<\/span><\/i><span style=\"font-weight: 400;\"> es una especie de la familia Pontederiaceae, la cual est\u00e1 conformada por cerca de 34 especies de hierbas acu\u00e1ticas que habitan cuerpos de agua dulce. Se distribuyen en todo el mundo en latitudes tropicales y subtropicales,\u00a0 donde son m\u00e1s diversas que en zonas templadas. Pueden ser plantas anfibias ancladas al sustrato o libres y flotantes. Se caracterizan por presentar tallos sumergidos o modificados en rizomas o estolones, adem\u00e1s sus hojas son simples, de distribuci\u00f3n alterna o bien se distribuyen formando una roseta;\u00a0 sus flores se agrupan en inflorescencias y suelen ser vistosas y de colores llamativos. Las plantas acu\u00e1ticas, en general, cuentan con adaptaciones que les permiten vivir en estos ambientes. Una de las caracter\u00edsticas m\u00e1s comunes es la presencia de c\u00e1maras de aire y otros mecanismos de flotabilidad que les permiten mantenerse sobre la superficie. Ecol\u00f3gicamente, este tipo de plantas son importantes debido a que sus ra\u00edces conforman un nicho donde habitan diversas especies de peces e insectos, adem\u00e1s intervienen activamente en los procesos de oxigenaci\u00f3n y remoci\u00f3n de contaminantes del agua. Las plantas acu\u00e1ticas suelen ser est\u00e9ticamente muy atractivas, por lo que son popularmente usadas como ornamentales. Especies como <\/span><a href=\"https:\/\/sembramos.com.co\/planta-flor-de-loto.html\/\"><span style=\"font-weight: 400;\">el loto egipcio<\/span><\/a><span style=\"font-weight: 400;\"> (<\/span><i><span style=\"font-weight: 400;\">Nymphaea lotus<\/span><\/i><span style=\"font-weight: 400;\">), <\/span><a href=\"https:\/\/sembramos.com.co\/planta-oreja-de-raton.html\/\"><span style=\"font-weight: 400;\">la oreja de rat\u00f3n<\/span><\/a><span style=\"font-weight: 400;\"> (<\/span><i><span style=\"font-weight: 400;\">Salvinia<\/span><\/i> <i><span style=\"font-weight: 400;\">auriculata<\/span><\/i><span style=\"font-weight: 400;\">), <\/span><a href=\"https:\/\/sembramos.com.co\/planta-elodea.html\/\"><span style=\"font-weight: 400;\">la planta elodea<\/span><\/a><span style=\"font-weight: 400;\"> (<\/span><i><span style=\"font-weight: 400;\">Elodea nutallii<\/span><\/i><span style=\"font-weight: 400;\">), <\/span><a href=\"https:\/\/sembramos.com.co\/planta-papiro-enano.html\/\"><span style=\"font-weight: 400;\">el papiro enano<\/span><\/a><span style=\"font-weight: 400;\"> (<\/span><i><span style=\"font-weight: 400;\">Cyperus haspan<\/span><\/i><span style=\"font-weight: 400;\">) entre otras, son com\u00fanmente usadas para adornar estanques, lagos, piscinas y acuarios. <\/span><br \/>\n[\/ux_text]\n[ux_image id=&#8221;36789&#8243; width=&#8221;30&#8243;]\n[\/col]\n[\/row]\n[\/section]\n[section bg_color=&#8221;rgb(161, 171, 142)&#8221; padding=&#8221;60px&#8221;]\n[ux_text text_color=&#8221;rgb(255,255,255)&#8221;]\n<h2 style=\"text-align: center;\">CARACTER\u00cdSTICAS DE LA PLANTA BUCH\u00d3N DE AGUA<\/h2>\n<p><span style=\"font-weight: 400;\">El Buch\u00f3n de Agua es una planta acu\u00e1tica flotante de h\u00e1bitos herb\u00e1ceos, que presenta una ra\u00edz densa, abundante y muy ramificada de color morado oscuro que no se ancla en el fondo. Sus tallos se hallan modificados en estolones y rizomas, a partir de los cuales se desarrollan sus hojas. Estas presentan un engrosamiento en la base del pec\u00edolo, y forman una especie de bulbo. Esta estructura funciona como una c\u00e1mara de aire que permite que su follaje permanezca flotando por encima de la superficie del agua. Sus hojas son simples y se distribuyen formando una roseta; tienen forma el\u00edptica, sus bordes son enteros y son de contextura carnosa o suculenta; su textura es lisa al tacto, y son de color verde oscuro. Sus flores crecen en una inflorescencia en forma de espiga, la cual agrupa de 4 a 16 flores formadas por 6 p\u00e9talos de color violeta o blanco con una mancha de color azul y amarillo en el p\u00e9talo superior. Sus flores se desarrollan durante todo el a\u00f1o, abri\u00e9ndose s\u00f3lo durante el d\u00eda. Sus frutos son peque\u00f1as capsulas de color verde en cuyo interior se desarrollan m\u00e1s de 200 semillas. <\/span><br \/>\n[\/ux_text]\n[ux_banner_grid]\n[col_grid span=&#8221;5&#8243;]\n[ux_image id=&#8221;36792&#8243;]\n[\/col_grid]\n[col_grid span=&#8221;4&#8243;]\n[ux_image id=&#8221;36785&#8243;]\n[\/col_grid]\n[col_grid span=&#8221;3&#8243; height=&#8221;1-2&#8243;]\n[ux_image id=&#8221;36788&#8243;]\n[\/col_grid]\n[col_grid span=&#8221;3&#8243; height=&#8221;1-2&#8243;]\n[ux_image id=&#8221;4580&#8243;]\n[\/col_grid]\n[\/ux_banner_grid]\n[\/section]\n[section bg_color=&#8221;rgb(223, 221, 196)&#8221; dark=&#8221;true&#8221; padding=&#8221;60px&#8221;]\n[ux_text text_color=&#8221;#444445&#8243;]\n<h2 style=\"text-align: center;\"><b>USOS DEL JACINTO DE AGUA<\/b><\/h2>\n<p><span style=\"font-weight: 400;\">El buch\u00f3n de Agua se suele cultivar con fines ornamentales en cuerpos de aguas quietas o con poca corriente por su gran atractivo est\u00e9tico y colorida floraci\u00f3n. Tambi\u00e9n es popular entre la comunidad amante de los acuarios, pues esta planta ayuda a mantener la buena calidad del agua. Ecol\u00f3gicamente tiene una gran importancia, pues sus ra\u00edces conforman un ambiente donde anidan diferentes especies de peces, habitan insectos y varias especies de zooplancton. Sus flores son polinizadas por diversas especies de insectos dentro de los que se destacan las abejas.\u00a0 En algunas regiones rurales dedicadas a la producci\u00f3n pecuaria son usadas como alimento de forraje para alimentar ganado vacuno por su alto contenido proteico, como material para composta y para producir biog\u00e1s. Adem\u00e1s, por su capacidad de absorber metales pesados y otras sustancias peligrosas, se han usado en procesos de remoci\u00f3n de contaminantes y biorremediaci\u00f3n de aguas contaminadas; adem\u00e1s esta planta se ha usado como materia prima en la producci\u00f3n de papel, cart\u00f3n, y artesan\u00edas.\u00a0 <\/span><br \/>\n[\/ux_text]\n[\/section]\n[section bg=&#8221;36790&#8243; bg_color=&#8221;rgb(68, 68, 69)&#8221; bg_overlay=&#8221;rgba(255, 255, 255, 0.808)&#8221; padding=&#8221;60px&#8221;]\n[ux_text text_color=&#8221;#444445&#8243;]\n<h2 style=\"text-align: center;\">CUIDADOS DE LA PLANTA BUCH\u00d3N DE AGUA<\/h2>\n[\/ux_text]\n[featured_box img=&#8221;35673&#8243; img_width=&#8221;40&#8243; pos=&#8221;left&#8221;]\n<p><b>Clima: <span style=\"font-weight: 400;\">El Buch\u00f3n de Agua habita en cuerpos de agua estancados o con poca corriente, cuyos valores de pH oscilen entre 4 y 10, favoreciendo su desarrollo los pH cercanos a la neutralidad. Se pueden desarrollar en aguas con temperaturas entre los 15 y los 35 grados cent\u00edgrados, aunque su desarrollo \u00f3ptimo se da entre los 25 y 30 grados.<\/span><\/b><\/p>\n[gap]\n[\/featured_box]\n[featured_box img=&#8221;35674&#8243; img_width=&#8221;40&#8243; pos=&#8221;left&#8221;]\n<p><b>Luz: <\/b><span style=\"font-weight: 400;\">Esta especie requiere de exposici\u00f3n a la luz solar directa e intensa por per\u00edodos de m\u00e1s de 8 horas al d\u00eda. Es perfecta para adornar cuerpos de agua en ambientes exteriores como lagos, lagunas, fuentes y estanques.\u00a0\u00a0<\/span><\/p>\n[\/featured_box]\n[gap]\n[featured_box img=&#8221;35731&#8243; img_width=&#8221;40&#8243; pos=&#8221;left&#8221;]\n<p><b>Reproducci\u00f3n: <\/b><span style=\"font-weight: 400;\">El Buch\u00f3n de Agua se puede propagar por semillas, sin embargo es un proceso dif\u00edcil y demorado. La\u00a0 manera m\u00e1s f\u00e1cil, efectiva y r\u00e1pida de hacerlo es por fragmentaci\u00f3n. Para esto lo \u00fanico que debes hacer es dividir la planta en dos y ubicarlas en el mismo estanque o en uno diferente. <\/span><\/p>\n<p><span style=\"font-weight: 400;\"><strong>Es muy importante que evites introducir esta planta en r\u00edos o quebradas que se conecten con otros cuerpos de agua<\/strong>, pues as\u00ed proteges a otros ecosistemas de las afecciones que causa la invasi\u00f3n del buch\u00f3n de agua.\u00a0<\/span><\/p>\n[\/featured_box]\n[gap]\n[\/section]\n[section bg_color=&#8221;rgb(161, 171, 142)&#8221; padding=&#8221;60px&#8221;]\n[ux_text text_color=&#8221;rgb(255,255,255)&#8221;]\n<h2 style=\"text-align: center;\">LUGARES PERFECTOS PARA EL BUCH\u00d3N DE AGUA<\/h2>\n<p><span style=\"font-weight: 400;\">El buch\u00f3n de agua es una especie id\u00f3nea para decorar acuarios,\u00a0 estanques, lagos, piscinas naturales y jardines acu\u00e1ticos en ambientes exteriores expuestos a la luz solar directa. Esta planta puede mejorar y mantener una buena calidad del agua, pues incrementa los niveles de ox\u00edgeno disuelto, estabiliza sedimentos y reduce los niveles de contaminantes. Puedes tenerla en estanques junto con otras especies de plantas acu\u00e1ticas o peces, a los que favorecer\u00e1, pues sus ra\u00edces generan un ambiente adecuado para el desarrollo de sus huevos y alevines. <\/span><br \/>\n[\/ux_text]\n[\/section]\n[section bg_color=&#8221;rgb(223, 221, 196)&#8221; padding=&#8221;60px&#8221;]\n<h2 style=\"text-align: center;\">BENEFICIOS DE LA PLANTA BUCH\u00d3N DE AGUA<\/h2>\n[row]\n[col span=&#8221;6&#8243; span__sm=&#8221;12&#8243;]\n[featured_box img=&#8221;1664&#8243; pos=&#8221;left&#8221;]\n<p><span style=\"font-weight: 400;\">El Buch\u00f3n de Agua es una planta acu\u00e1tica ideal para adornar estanques, lagos, acuarios y piscinas naturales. <\/span><\/p>\n[\/featured_box]\n[featured_box img=&#8221;1664&#8243; pos=&#8221;left&#8221;]\n<p><span style=\"font-weight: 400;\">Puedes formar un hermoso jard\u00edn acu\u00e1tico con esta y otras plantas acu\u00e1ticas. <\/span><\/p>\n[\/featured_box]\n[\/col]\n[col span=&#8221;6&#8243; span__sm=&#8221;12&#8243;]\n[featured_box img=&#8221;1664&#8243; pos=&#8221;left&#8221;]\n<p><span style=\"font-weight: 400;\">Esta planta puede ser usada como alimento de forraje ya que sus hojas son ricas en prote\u00ednas y otros nutrientes.<\/span><\/p>\n[\/featured_box]\n[featured_box img=&#8221;1664&#8243; pos=&#8221;left&#8221;]\n<p><span style=\"font-weight: 400;\">Puede ser usada en procesos de biorremediaci\u00f3n de cuerpos de agua contaminada por pesticidas y metales pesados debido a que es capaz de absorber este tipo de compuestos.\u00a0 \u00a0 <\/span><\/p>\n[\/featured_box]\n[\/col]\n[\/row]\n[\/section]\n[section]\n[row]\n[col span__sm=&#8221;12&#8243;]\n[ux_video url=&#8221;https:\/\/youtu.be\/eNe6f3n18RQ&#8221;]\n[\/col]\n[\/row]\n[\/section]\n<p dir=\"auto\">\n[\/vc_column_text][\/vc_column][\/vc_row]\n","protected":false},"excerpt":{"rendered":"<p>[vc_row type=&#8221;in_container&#8221; full_screen_row_position=&#8221;middle&#8221; column_margin=&#8221;default&#8221; column_direction=&#8221;default&#8221; column_direction_tablet=&#8221;default&#8221; column_direction_phone=&#8221;default&#8221; scene_position=&#8221;center&#8221; text_color=&#8221;dark&#8221; text_align=&#8221;left&#8221; row_border_radius=&#8221;none&#8221; row_border_radius_applies=&#8221;bg&#8221; overflow=&#8221;visible&#8221; overlay_strength=&#8221;0.3&#8243; gradient_direction=&#8221;left_to_right&#8221; shape_divider_position=&#8221;bottom&#8221; bg_image_animation=&#8221;none&#8221;][vc_column column_padding=&#8221;no-extra-padding&#8221; column_padding_tablet=&#8221;inherit&#8221; column_padding_phone=&#8221;inherit&#8221; column_padding_position=&#8221;all&#8221; column_element_direction_desktop=&#8221;default&#8221; column_element_spacing=&#8221;default&#8221; desktop_text_alignment=&#8221;default&#8221; tablet_text_alignment=&#8221;default&#8221;&#8230;<\/p>\n","protected":false},"featured_media":5948,"comment_status":"open","ping_status":"closed","template":"","meta":[],"product_brand":[],"product_cat":[16],"product_tag":[],"class_list":{"0":"post-5960","1":"product","2":"type-product","3":"status-publish","4":"has-post-thumbnail","6":"product_cat-sin-categorizar","8":"first","9":"instock","10":"shipping-taxable","11":"purchasable","12":"product-type-simple"},"jetpack_sharing_enabled":true,"_links":{"self":[{"href":"https:\/\/lentoandar.com\/index.php\/wp-json\/wp\/v2\/product\/5960","targetHints":{"allow":["GET"]}}],"collection":[{"href":"https:\/\/lentoandar.com\/index.php\/wp-json\/wp\/v2\/product"}],"about":[{"href":"https:\/\/lentoandar.com\/index.php\/wp-json\/wp\/v2\/types\/product"}],"replies":[{"embeddable":true,"href":"https:\/\/lentoandar.com\/index.php\/wp-json\/wp\/v2\/comments?post=5960"}],"wp:featuredmedia":[{"embeddable":true,"href":"https:\/\/lentoandar.com\/index.php\/wp-json\/wp\/v2\/media\/5948"}],"wp:attachment":[{"href":"https:\/\/lentoandar.com\/index.php\/wp-json\/wp\/v2\/media?parent=5960"}],"wp:term":[{"taxonomy":"product_brand","embeddable":true,"href":"https:\/\/lentoandar.com\/index.php\/wp-json\/wp\/v2\/product_brand?post=5960"},{"taxonomy":"product_cat","embeddable":true,"href":"https:\/\/lentoandar.com\/index.php\/wp-json\/wp\/v2\/product_cat?post=5960"},{"taxonomy":"product_tag","embeddable":true,"href":"https:\/\/lentoandar.com\/index.php\/wp-json\/wp\/v2\/product_tag?post=5960"}],"curies":[{"name":"wp","href":"https:\/\/api.w.org\/{rel}","templated":true}]}}