{"id":2,"date":"2025-05-02T10:53:57","date_gmt":"2025-05-02T15:53:57","guid":{"rendered":"http:\/\/lentoandar.com\/?page_id=2"},"modified":"2025-06-18T16:52:03","modified_gmt":"2025-06-18T21:52:03","slug":"pagina-ejemplo","status":"publish","type":"page","link":"https:\/\/lentoandar.com\/index.php\/pagina-ejemplo\/","title":{"rendered":"P\u00e1gina de ejemplo"},"content":{"rendered":"[vc_row type=&#8221;in_container&#8221; full_screen_row_position=&#8221;middle&#8221; column_margin=&#8221;default&#8221; column_direction=&#8221;default&#8221; column_direction_tablet=&#8221;default&#8221; column_direction_phone=&#8221;default&#8221; scene_position=&#8221;center&#8221; text_color=&#8221;dark&#8221; text_align=&#8221;left&#8221; row_border_radius=&#8221;none&#8221; row_border_radius_applies=&#8221;bg&#8221; overflow=&#8221;visible&#8221; overlay_strength=&#8221;0.3&#8243; gradient_direction=&#8221;left_to_right&#8221; shape_divider_position=&#8221;bottom&#8221; bg_image_animation=&#8221;none&#8221;][vc_column column_padding=&#8221;no-extra-padding&#8221; column_padding_tablet=&#8221;inherit&#8221; column_padding_phone=&#8221;inherit&#8221; column_padding_position=&#8221;all&#8221; column_element_direction_desktop=&#8221;default&#8221; column_element_spacing=&#8221;default&#8221; desktop_text_alignment=&#8221;default&#8221; tablet_text_alignment=&#8221;default&#8221; phone_text_alignment=&#8221;default&#8221; background_color_opacity=&#8221;1&#8243; background_hover_color_opacity=&#8221;1&#8243; column_backdrop_filter=&#8221;none&#8221; column_shadow=&#8221;none&#8221; column_border_radius=&#8221;none&#8221; column_link_target=&#8221;_self&#8221; column_position=&#8221;default&#8221; gradient_direction=&#8221;left_to_right&#8221; overlay_strength=&#8221;0.3&#8243; width=&#8221;1\/1&#8243; tablet_width_inherit=&#8221;default&#8221; animation_type=&#8221;default&#8221; bg_image_animation=&#8221;none&#8221; border_type=&#8221;simple&#8221; column_border_width=&#8221;none&#8221; column_border_style=&#8221;solid&#8221;][vc_column_text]Esta es una p\u00e1gina de ejemplo. Es diferente de una entrada de blog porque se quedar\u00e1 en ese lugar y se mostrar\u00e1 en la navegaci\u00f3n de tu sitio (en la mayor\u00eda de los temas). La mayor\u00eda de la gente comienza con una p\u00e1gina de acerca de que los introduce a los visitantes potenciales del sitio. Podr\u00eda decir algo como esto:<\/p><blockquote class=\"wp-block-quote is-layout-flow wp-block-quote-is-layout-flow\"><p>\u00a1Hola! Soy un Mensajero en bici durante el d\u00eda, aspirante a actor de noche, y este es mi sitio Web. Vivo en los \u00c1ngeles, tengo un gran perro llamado Jack, y me gustan las pi\u00f1as coladas. (Y estar atrapados en la lluvia.)<\/p><\/blockquote><p>\u2026o algo as\u00ed:<\/p><blockquote class=\"wp-block-quote is-layout-flow wp-block-quote-is-layout-flow\"><p>La Empresa Doohickey XYZ fue fundada en 1971, y ha estado proporcionando cosas de calidad al p\u00fablico desde entonces. Ubicado en la ciudad de Gotham, XYZ emplea a m\u00e1s de 2.000 personas y hace todo tipo de cosas impresionantes para la comunidad g\u00f3tica.<\/p><\/blockquote><p>Como nuevo usuario de WordPress, debes ir a <a href=\"http:\/\/lentoandar.com\/wp-admin\/\">tu Escritorio<\/a> para eliminar esta p\u00e1gina, y as\u00ed crear nuevas p\u00e1ginas para su contenido. \u00a1Que te diviertas!<\/p>\n[\/vc_column_text][\/vc_column][\/vc_row][vc_row type=&#8221;in_container&#8221; full_screen_row_position=&#8221;middle&#8221; column_margin=&#8221;default&#8221; column_direction=&#8221;default&#8221; column_direction_tablet=&#8221;default&#8221; column_direction_phone=&#8221;default&#8221; scene_position=&#8221;center&#8221; text_color=&#8221;dark&#8221; text_align=&#8221;left&#8221; row_border_radius=&#8221;none&#8221; row_border_radius_applies=&#8221;bg&#8221; overflow=&#8221;visible&#8221; overlay_strength=&#8221;0.3&#8243; gradient_direction=&#8221;left_to_right&#8221; shape_divider_position=&#8221;bottom&#8221; bg_image_animation=&#8221;none&#8221;][vc_column column_padding=&#8221;no-extra-padding&#8221; column_padding_tablet=&#8221;inherit&#8221; column_padding_phone=&#8221;inherit&#8221; column_padding_position=&#8221;all&#8221; column_element_direction_desktop=&#8221;default&#8221; column_element_spacing=&#8221;default&#8221; desktop_text_alignment=&#8221;default&#8221; tablet_text_alignment=&#8221;default&#8221; phone_text_alignment=&#8221;default&#8221; background_color_opacity=&#8221;1&#8243; background_hover_color_opacity=&#8221;1&#8243; column_backdrop_filter=&#8221;none&#8221; column_shadow=&#8221;none&#8221; column_border_radius=&#8221;none&#8221; column_link_target=&#8221;_self&#8221; column_position=&#8221;default&#8221; gradient_direction=&#8221;left_to_right&#8221; overlay_strength=&#8221;0.3&#8243; width=&#8221;1\/1&#8243; tablet_width_inherit=&#8221;default&#8221; animation_type=&#8221;default&#8221; bg_image_animation=&#8221;none&#8221; border_type=&#8221;simple&#8221; column_border_width=&#8221;none&#8221; column_border_style=&#8221;solid&#8221;]<div class=\"woocommerce columns-4\">\n  <ul class=\"products columns-4\" data-n-lazy=\"off\" data-rm-m-hover=\"off\" data-n-desktop-columns=\"default\" data-n-desktop-small-columns=\"default\" data-n-tablet-columns=\"default\" data-n-phone-columns=\"default\" data-product-style=\"minimal\">\n\n\n<li class=\"product-category product first\">\n\t<a aria-label=\"Visitar la categor\u00eda de producto Sin categorizar\" href=\"https:\/\/lentoandar.com\/index.php\/categoria-producto\/sin-categorizar\/\"><img loading=\"lazy\" decoding=\"async\" src=\"https:\/\/lentoandar.com\/wp-content\/uploads\/woocommerce-placeholder-300x300.png\" alt=\"Sin categorizar\" width=\"300\" height=\"300\" \/>\t\t<h2 class=\"woocommerce-loop-category__title\">\n\t\t\tSin categorizar <mark class=\"count\">(2)<\/mark>\t\t<\/h2>\n\t\t<\/a><\/li>\n<li class=\"product-category product\">\n\t<a aria-label=\"Visitar la categor\u00eda de producto Cosmetics\" href=\"https:\/\/lentoandar.com\/index.php\/categoria-producto\/cosmetics\/\"><img loading=\"lazy\" decoding=\"async\" src=\"https:\/\/lentoandar.com\/wp-content\/uploads\/2021\/02\/07-Bag-300x300.jpg\" alt=\"Cosmetics\" width=\"300\" height=\"300\" srcset=\"https:\/\/lentoandar.com\/wp-content\/uploads\/2021\/02\/07-Bag-300x300.jpg 300w, https:\/\/lentoandar.com\/wp-content\/uploads\/2021\/02\/07-Bag-150x150.jpg 150w\" sizes=\"auto, (max-width: 300px) 100vw, 300px\" \/>\t\t<h2 class=\"woocommerce-loop-category__title\">\n\t\t\tCosmetics <mark class=\"count\">(1)<\/mark>\t\t<\/h2>\n\t\t<\/a><\/li>\n<li class=\"product-category product\">\n\t<a aria-label=\"Visitar la categor\u00eda de producto Skincare\" href=\"https:\/\/lentoandar.com\/index.php\/categoria-producto\/skincare\/\"><img loading=\"lazy\" decoding=\"async\" src=\"https:\/\/lentoandar.com\/wp-content\/uploads\/2021\/02\/10-Bottle-300x300.jpg\" alt=\"Skincare\" width=\"300\" height=\"300\" srcset=\"https:\/\/lentoandar.com\/wp-content\/uploads\/2021\/02\/10-Bottle-300x300.jpg 300w, https:\/\/lentoandar.com\/wp-content\/uploads\/2021\/02\/10-Bottle-150x150.jpg 150w\" sizes=\"auto, (max-width: 300px) 100vw, 300px\" \/>\t\t<h2 class=\"woocommerce-loop-category__title\">\n\t\t\tSkincare <mark class=\"count\">(1)<\/mark>\t\t<\/h2>\n\t\t<\/a><\/li>\n<li class=\"product-category product last\">\n\t<a aria-label=\"Visitar la categor\u00eda de producto Supplements\" href=\"https:\/\/lentoandar.com\/index.php\/categoria-producto\/skincare\/supplements\/\"><img loading=\"lazy\" decoding=\"async\" src=\"https:\/\/lentoandar.com\/wp-content\/uploads\/2020\/12\/drops-300x300.jpg\" alt=\"Supplements\" width=\"300\" height=\"300\" srcset=\"https:\/\/lentoandar.com\/wp-content\/uploads\/2020\/12\/drops-300x300.jpg 300w, https:\/\/lentoandar.com\/wp-content\/uploads\/2020\/12\/drops-150x150.jpg 150w\" sizes=\"auto, (max-width: 300px) 100vw, 300px\" \/>\t\t<h2 class=\"woocommerce-loop-category__title\">\n\t\t\tSupplements <mark class=\"count\">(1)<\/mark>\t\t<\/h2>\n\t\t<\/a><\/li>\n<li class=\"product-category product first\">\n\t<a aria-label=\"Visitar la categor\u00eda de producto Anti-Acne\" href=\"https:\/\/lentoandar.com\/index.php\/categoria-producto\/skincare\/anti-acne\/\"><img loading=\"lazy\" decoding=\"async\" src=\"https:\/\/lentoandar.com\/wp-content\/uploads\/2020\/12\/drops2-300x300.jpg\" alt=\"Anti-Acne\" width=\"300\" height=\"300\" srcset=\"https:\/\/lentoandar.com\/wp-content\/uploads\/2020\/12\/drops2-300x300.jpg 300w, https:\/\/lentoandar.com\/wp-content\/uploads\/2020\/12\/drops2-150x150.jpg 150w\" sizes=\"auto, (max-width: 300px) 100vw, 300px\" \/>\t\t<h2 class=\"woocommerce-loop-category__title\">\n\t\t\tAnti-Acne <mark class=\"count\">(1)<\/mark>\t\t<\/h2>\n\t\t<\/a><\/li>\n<li class=\"product-category product\">\n\t<a aria-label=\"Visitar la categor\u00eda de producto Extracts\" href=\"https:\/\/lentoandar.com\/index.php\/categoria-producto\/skincare\/extracts\/\"><img loading=\"lazy\" decoding=\"async\" src=\"https:\/\/lentoandar.com\/wp-content\/uploads\/2021\/02\/05-Lip-Balm-300x300.jpg\" alt=\"Extracts\" width=\"300\" height=\"300\" srcset=\"https:\/\/lentoandar.com\/wp-content\/uploads\/2021\/02\/05-Lip-Balm-300x300.jpg 300w, https:\/\/lentoandar.com\/wp-content\/uploads\/2021\/02\/05-Lip-Balm-150x150.jpg 150w\" sizes=\"auto, (max-width: 300px) 100vw, 300px\" \/>\t\t<h2 class=\"woocommerce-loop-category__title\">\n\t\t\tExtracts <mark class=\"count\">(1)<\/mark>\t\t<\/h2>\n\t\t<\/a><\/li>\n<li class=\"product-category product\">\n\t<a aria-label=\"Visitar la categor\u00eda de producto Moisturize\" href=\"https:\/\/lentoandar.com\/index.php\/categoria-producto\/skincare\/moisturize\/\"><img loading=\"lazy\" decoding=\"async\" src=\"https:\/\/lentoandar.com\/wp-content\/uploads\/2020\/12\/serum-300x300.jpg\" alt=\"Moisturize\" width=\"300\" height=\"300\" srcset=\"https:\/\/lentoandar.com\/wp-content\/uploads\/2020\/12\/serum-300x300.jpg 300w, https:\/\/lentoandar.com\/wp-content\/uploads\/2020\/12\/serum-150x150.jpg 150w\" sizes=\"auto, (max-width: 300px) 100vw, 300px\" \/>\t\t<h2 class=\"woocommerce-loop-category__title\">\n\t\t\tMoisturize <mark class=\"count\">(1)<\/mark>\t\t<\/h2>\n\t\t<\/a><\/li>\n<li class=\"product-category product last\">\n\t<a aria-label=\"Visitar la categor\u00eda de producto Casual Shirts\" href=\"https:\/\/lentoandar.com\/index.php\/categoria-producto\/casual-shirts\/\">\t\t<h2 class=\"woocommerce-loop-category__title\">\n\t\t\tCasual Shirts <mark class=\"count\">(1)<\/mark>\t\t<\/h2>\n\t\t<\/a><\/li>\n<li class=\"product-category product first\">\n\t<a aria-label=\"Visitar la categor\u00eda de producto Sports Clothing\" href=\"https:\/\/lentoandar.com\/index.php\/categoria-producto\/sports-clothing\/\"><img loading=\"lazy\" decoding=\"async\" src=\"https:\/\/lentoandar.com\/wp-content\/uploads\/2018\/08\/cristian-palmer-763347-unsplash-300x300.jpg\" alt=\"Sports Clothing\" width=\"300\" height=\"300\" srcset=\"https:\/\/lentoandar.com\/wp-content\/uploads\/2018\/08\/cristian-palmer-763347-unsplash-300x300.jpg 300w, https:\/\/lentoandar.com\/wp-content\/uploads\/2018\/08\/cristian-palmer-763347-unsplash-150x150.jpg 150w, https:\/\/lentoandar.com\/wp-content\/uploads\/2018\/08\/cristian-palmer-763347-unsplash-140x140.jpg 140w, https:\/\/lentoandar.com\/wp-content\/uploads\/2018\/08\/cristian-palmer-763347-unsplash-100x100.jpg 100w, https:\/\/lentoandar.com\/wp-content\/uploads\/2018\/08\/cristian-palmer-763347-unsplash-500x500.jpg 500w, https:\/\/lentoandar.com\/wp-content\/uploads\/2018\/08\/cristian-palmer-763347-unsplash-350x350.jpg 350w, https:\/\/lentoandar.com\/wp-content\/uploads\/2018\/08\/cristian-palmer-763347-unsplash-1000x1000.jpg 1000w, https:\/\/lentoandar.com\/wp-content\/uploads\/2018\/08\/cristian-palmer-763347-unsplash-800x800.jpg 800w\" sizes=\"auto, (max-width: 300px) 100vw, 300px\" \/>\t\t<h2 class=\"woocommerce-loop-category__title\">\n\t\t\tSports Clothing <mark class=\"count\">(1)<\/mark>\t\t<\/h2>\n\t\t<\/a><\/li>\n<\/ul>\n<\/div>[\/vc_column][\/vc_row]","protected":false},"excerpt":{"rendered":"<p>[vc_row type=&#8221;in_container&#8221; full_screen_row_position=&#8221;middle&#8221; column_margin=&#8221;default&#8221; column_direction=&#8221;default&#8221; column_direction_tablet=&#8221;default&#8221; column_direction_phone=&#8221;default&#8221; scene_position=&#8221;center&#8221; text_color=&#8221;dark&#8221; text_align=&#8221;left&#8221; row_border_radius=&#8221;none&#8221; row_border_radius_applies=&#8221;bg&#8221; overflow=&#8221;visible&#8221; overlay_strength=&#8221;0.3&#8243; gradient_direction=&#8221;left_to_right&#8221; shape_divider_position=&#8221;bottom&#8221; bg_image_animation=&#8221;none&#8221;][vc_column column_padding=&#8221;no-extra-padding&#8221; column_padding_tablet=&#8221;inherit&#8221; column_padding_phone=&#8221;inherit&#8221; column_padding_position=&#8221;all&#8221; column_element_direction_desktop=&#8221;default&#8221; column_element_spacing=&#8221;default&#8221; desktop_text_alignment=&#8221;default&#8221; tablet_text_alignment=&#8221;default&#8221;&#8230;<\/p>\n","protected":false},"author":1,"featured_media":0,"parent":0,"menu_order":0,"comment_status":"closed","ping_status":"open","template":"","meta":{"footnotes":""},"class_list":["post-2","page","type-page","status-publish"],"jetpack_sharing_enabled":true,"_links":{"self":[{"href":"https:\/\/lentoandar.com\/index.php\/wp-json\/wp\/v2\/pages\/2","targetHints":{"allow":["GET"]}}],"collection":[{"href":"https:\/\/lentoandar.com\/index.php\/wp-json\/wp\/v2\/pages"}],"about":[{"href":"https:\/\/lentoandar.com\/index.php\/wp-json\/wp\/v2\/types\/page"}],"author":[{"embeddable":true,"href":"https:\/\/lentoandar.com\/index.php\/wp-json\/wp\/v2\/users\/1"}],"replies":[{"embeddable":true,"href":"https:\/\/lentoandar.com\/index.php\/wp-json\/wp\/v2\/comments?post=2"}],"version-history":[{"count":1,"href":"https:\/\/lentoandar.com\/index.php\/wp-json\/wp\/v2\/pages\/2\/revisions"}],"predecessor-version":[{"id":5959,"href":"https:\/\/lentoandar.com\/index.php\/wp-json\/wp\/v2\/pages\/2\/revisions\/5959"}],"wp:attachment":[{"href":"https:\/\/lentoandar.com\/index.php\/wp-json\/wp\/v2\/media?parent=2"}],"curies":[{"name":"wp","href":"https:\/\/api.w.org\/{rel}","templated":true}]}}